{"id":6814,"date":"2024-09-20T10:47:49","date_gmt":"2024-09-20T10:47:49","guid":{"rendered":"https:\/\/geo-shop.fr\/?post_type=product&#038;p=6814"},"modified":"2025-01-25T15:14:45","modified_gmt":"2025-01-25T15:14:45","slug":"tsinandali-%e1%83%ac%e1%83%98%e1%83%9c%e1%83%90%e1%83%9c%e1%83%93%e1%83%90%e1%83%9a%e1%83%98","status":"publish","type":"product","link":"https:\/\/geo-shop.fr\/ka\/product\/tsinandali-%e1%83%ac%e1%83%98%e1%83%9c%e1%83%90%e1%83%9c%e1%83%93%e1%83%90%e1%83%9a%e1%83%98\/","title":{"rendered":"\u10ec\u10d8\u10dc\u10d0\u10dc\u10d3\u10d0\u10da\u10d8\/TSINANDALI"},"content":{"rendered":"<p>MUKUZANI\/\u10db\u10e3\u10d9\u10e3\u10d6\u10d0\u10dc\u10d8<br \/>\n\u10e1\u10d0\u10e8\u10e3\u10d0\u10da\u10dd \u10e2\u10d9\u10d1\u10d8\u10da\u10d8 \u10ec\u10d8\u10d7\u10d4\u10da\u10d8 \u10e6\u10d5\u10d8\u10dc\u10dd \u10e5\u10d8\u10dc\u10eb\u10db\u10d0\u10e0\u10d0\u10e3\u10da\u10d8 \u10db\u10d6\u10d0\u10d3\u10d3\u10d4\u10d1\u10d0 \u10d9\u10d0\u10ee\u10d4\u10d7\u10d8\u10e1 \u10e0\u10d4\u10d2\u10d8\u10dd\u10dc\u10e8\u10d8, \u10e5\u10d8\u10dc\u10eb\u10db\u10d0\u10e0\u10d0\u10e3\u10da\u10d8\u10e1 \u10db\u10d8\u10d9\u10e0\u10dd\u10d6\u10dd\u10dc\u10d0\u10e8\u10d8 \u10d2\u10d0\u10e8\u10d4\u10dc\u10d4\u10d1\u10e3\u10da\u10d8 \u10e1\u10d0\u10e4\u10d4\u10e0\u10d0\u10d5\u10d8\u10e1 \u10d5\u10d0\u10d6\u10d8\u10e1 \u10ef\u10d8\u10e8\u10d4\u10d1\u10d8\u10e1\u10d2\u10d0\u10dc. \u10e6\u10d5\u10d8\u10dc\u10d8\u10e1 \u10eb\u10da\u10d8\u10d4\u10e0 \u10d3\u10d0\u10ee\u10d0\u10e0\u10d8\u10e1\u10ee\u10d4\u10d1\u10e3\u10da \u10d7\u10d0\u10d8\u10d2\u10e3\u10da\u10e1 \u10d3\u10d0 \u10d0\u10e0\u10dd\u10db\u10d0\u10e2\u10d4\u10d1\u10e1 \u10ee\u10d0\u10d5\u10d4\u10e0\u10d3\u10dd\u10d5\u10d0\u10dc\u10d8 \u10d3\u10d0 \u10f0\u10d0\u10e0\u10db\u10dd\u10dc\u10d8\u10e3\u10da\u10d8 \u10d2\u10d4\u10db\u10dd \u10d0\u10ee\u10da\u10d0\u10d5\u10e1. \u10e6\u10d5\u10d8\u10dc\u10dd\u10e1 \u10e1\u10d0\u10e3\u10d9\u10d4\u10d7\u10d4\u10e1\u10dd\u10d3 \u10db\u10d8\u10d8\u10e0\u10d7\u10db\u10d4\u10d5\u10d4\u10dc \u10e7\u10d5\u10d4\u10da\u10d8\u10d7, \u10d1\u10dd\u10e1\u10e2\u10dc\u10d4\u10e3\u10da\u10d8\u10d7 \u10d3\u10d0 \u10d6\u10e6\u10d5\u10d8\u10e1 \u10de\u10e0\u10dd\u10d3\u10e3\u10e5\u10e2\u10d4\u10d1\u10d8\u10d7.<\/p>","protected":false},"excerpt":{"rendered":"<p>\u10ec\u10d8\u10dc\u10d0\u10dc\u10d3\u10d0\u10da\u10d8\/TSINANDALI<br \/>\nLe vin blanc sec Tsinandali est \u00e9labor\u00e9 dans la r\u00e9gion de Kakh\u00e9tie \u00e0 partir des c\u00e9pages Rkastiteli et Mtsvane. Le vin se caract\u00e9rise par une teinte jaune paille clair et un go\u00fbt vif et doux et harmonieux.<\/p>","protected":false},"featured_media":6816,"template":"","meta":{"rank_math_lock_modified_date":false,"site-sidebar-layout":"default","site-content-layout":"","ast-site-content-layout":"default","site-content-style":"default","site-sidebar-style":"default","ast-global-header-display":"","ast-banner-title-visibility":"","ast-main-header-display":"","ast-hfb-above-header-display":"","ast-hfb-below-header-display":"","ast-hfb-mobile-header-display":"","site-post-title":"","ast-breadcrumbs-content":"","ast-featured-img":"","footer-sml-layout":"","theme-transparent-header-meta":"default","adv-header-id-meta":"","stick-header-meta":"","header-above-stick-meta":"","header-main-stick-meta":"","header-below-stick-meta":"","astra-migrate-meta-layouts":"set","ast-page-background-enabled":"default","ast-page-background-meta":{"desktop":{"background-color":"","background-image":"","background-repeat":"repeat","background-position":"center center","background-size":"auto","background-attachment":"scroll","background-type":"","background-media":"","overlay-type":"","overlay-color":"","overlay-gradient":""},"tablet":{"background-color":"","background-image":"","background-repeat":"repeat","background-position":"center center","background-size":"auto","background-attachment":"scroll","background-type":"","background-media":"","overlay-type":"","overlay-color":"","overlay-gradient":""},"mobile":{"background-color":"","background-image":"","background-repeat":"repeat","background-position":"center center","background-size":"auto","background-attachment":"scroll","background-type":"","background-media":"","overlay-type":"","overlay-color":"","overlay-gradient":""}},"ast-content-background-meta":{"desktop":{"background-color":"var(--ast-global-color-5)","background-image":"","background-repeat":"repeat","background-position":"center center","background-size":"auto","background-attachment":"scroll","background-type":"","background-media":"","overlay-type":"","overlay-color":"","overlay-gradient":""},"tablet":{"background-color":"var(--ast-global-color-5)","background-image":"","background-repeat":"repeat","background-position":"center center","background-size":"auto","background-attachment":"scroll","background-type":"","background-media":"","overlay-type":"","overlay-color":"","overlay-gradient":""},"mobile":{"background-color":"var(--ast-global-color-5)","background-image":"","background-repeat":"repeat","background-position":"center center","background-size":"auto","background-attachment":"scroll","background-type":"","background-media":"","overlay-type":"","overlay-color":"","overlay-gradient":""}}},"product_cat":[59,60],"product_tag":[],"class_list":{"0":"post-6814","1":"product","2":"type-product","3":"status-publish","4":"has-post-thumbnail","6":"product_cat-boisson","7":"product_cat-boisson-alcoolisee","8":"desktop-align-center","9":"tablet-align-left","10":"mobile-align-left","12":"first","13":"instock","14":"taxable","15":"shipping-taxable","16":"purchasable","17":"product-type-variable"},"_links":{"self":[{"href":"https:\/\/geo-shop.fr\/ka\/wp-json\/wp\/v2\/product\/6814"}],"collection":[{"href":"https:\/\/geo-shop.fr\/ka\/wp-json\/wp\/v2\/product"}],"about":[{"href":"https:\/\/geo-shop.fr\/ka\/wp-json\/wp\/v2\/types\/product"}],"version-history":[{"count":1,"href":"https:\/\/geo-shop.fr\/ka\/wp-json\/wp\/v2\/product\/6814\/revisions"}],"predecessor-version":[{"id":6819,"href":"https:\/\/geo-shop.fr\/ka\/wp-json\/wp\/v2\/product\/6814\/revisions\/6819"}],"wp:featuredmedia":[{"embeddable":true,"href":"https:\/\/geo-shop.fr\/ka\/wp-json\/wp\/v2\/media\/6816"}],"wp:attachment":[{"href":"https:\/\/geo-shop.fr\/ka\/wp-json\/wp\/v2\/media?parent=6814"}],"wp:term":[{"taxonomy":"product_cat","embeddable":true,"href":"https:\/\/geo-shop.fr\/ka\/wp-json\/wp\/v2\/product_cat?post=6814"},{"taxonomy":"product_tag","embeddable":true,"href":"https:\/\/geo-shop.fr\/ka\/wp-json\/wp\/v2\/product_tag?post=6814"}],"curies":[{"name":"wp","href":"https:\/\/api.w.org\/{rel}","templated":true}]}}